{"id":24,"date":"2019-08-17T16:45:28","date_gmt":"2019-08-17T16:45:28","guid":{"rendered":"https:\/\/jupiterx.artbees.net\/psychologist\/?page_id=24"},"modified":"2025-05-28T12:08:54","modified_gmt":"2025-05-28T12:08:54","slug":"blog","status":"publish","type":"page","link":"https:\/\/psiquiatriapsicologiabarcelona.com\/ca\/blog\/","title":{"rendered":"Blog"},"content":{"rendered":"\t\t<div data-elementor-type=\"wp-post\" data-elementor-id=\"24\" class=\"elementor elementor-24\">\n\t\t\t\t\t\t<section class=\"elementor-section elementor-top-section elementor-element elementor-element-97d7150 elementor-section-stretched elementor-section-boxed elementor-section-height-default elementor-section-height-default\" data-id=\"97d7150\" data-element_type=\"section\" data-e-type=\"section\" data-settings=\"{&quot;stretch_section&quot;:&quot;section-stretched&quot;}\">\n\t\t\t\t\t\t<div class=\"elementor-container elementor-column-gap-default\">\n\t\t\t\t\t<div class=\"elementor-column elementor-col-50 elementor-top-column elementor-element elementor-element-252fc91\" data-id=\"252fc91\" data-element_type=\"column\" data-e-type=\"column\">\n\t\t\t<div class=\"elementor-widget-wrap elementor-element-populated\">\n\t\t\t\t\t\t<div class=\"elementor-element elementor-element-a087702 raven-mobile-button-align-center elementor-widget elementor-widget-raven-posts\" data-id=\"a087702\" data-element_type=\"widget\" data-e-type=\"widget\" data-settings=\"{&quot;classic_columns&quot;:&quot;1&quot;,&quot;classic_columns_tablet&quot;:&quot;1&quot;,&quot;query_posts_per_page&quot;:3,&quot;classic_show_pagination&quot;:&quot;yes&quot;,&quot;classic_mirror_rows&quot;:&quot;yes&quot;,&quot;_skin&quot;:&quot;classic&quot;,&quot;classic_layout&quot;:&quot;grid&quot;,&quot;classic_columns_mobile&quot;:&quot;1&quot;,&quot;classic_pagination_type&quot;:&quot;page_based&quot;,&quot;query_offset&quot;:0}\" data-widget_type=\"raven-posts.classic\">\n\t\t\t\t<div class=\"elementor-widget-container\">\n\t\t\t\t\t\t\t<div class=\"raven-posts raven-grid raven-grid-1 raven-grid-mobile-1 raven-grid-tablet-1\" data-post-id=\"24\" data-archive-query=\"\" data-lang=\"\">\n\t\t\t\t<div class=\"raven-grid-item raven-post-item post-1157 post type-post status-publish format-standard has-post-thumbnail hentry category-uncategorized\">\n\t\t\t<div class=\"raven-post raven-post-inline raven-post-inline-left\">\n\t\t\t\t\t\t<div class=\"raven-post-image-wrap\">\n\t\t\t<a class=\"raven-post-image raven-image-fit\" href=\"https:\/\/psiquiatriapsicologiabarcelona.com\/ca\/la-importancia-duna-adequada-avaluacio-de-lestat-psicopatologic-en-pacients-que-pateixen-dolor-cronic\/\"><img fetchpriority=\"high\" decoding=\"async\" width=\"1909\" height=\"2085\" src=\"https:\/\/psiquiatriapsicologiabarcelona.com\/ca\/wp-content\/uploads\/2020\/12\/dolor-cronico-2.png\" class=\"attachment-full size-full wp-image-1080\" alt=\"\" srcset=\"https:\/\/psiquiatriapsicologiabarcelona.com\/ca\/wp-content\/uploads\/2020\/12\/dolor-cronico-2.png 1909w, https:\/\/psiquiatriapsicologiabarcelona.com\/ca\/wp-content\/uploads\/2020\/12\/dolor-cronico-2-275x300.png 275w, https:\/\/psiquiatriapsicologiabarcelona.com\/ca\/wp-content\/uploads\/2020\/12\/dolor-cronico-2-938x1024.png 938w, https:\/\/psiquiatriapsicologiabarcelona.com\/ca\/wp-content\/uploads\/2020\/12\/dolor-cronico-2-768x839.png 768w, https:\/\/psiquiatriapsicologiabarcelona.com\/ca\/wp-content\/uploads\/2020\/12\/dolor-cronico-2-1406x1536.png 1406w, https:\/\/psiquiatriapsicologiabarcelona.com\/ca\/wp-content\/uploads\/2020\/12\/dolor-cronico-2-1875x2048.png 1875w\" sizes=\"(max-width: 1909px) 100vw, 1909px\" \/> <span class=\"raven-post-image-overlay\"><\/span><\/a>\t\t<\/div>\n\t\t\t\t\t\t<div class=\"raven-post-content\">\n\t\t\t\t\t<h2 class=\"raven-post-title\"><a class=\"raven-post-title-link\" href=\"https:\/\/psiquiatriapsicologiabarcelona.com\/ca\/la-importancia-duna-adequada-avaluacio-de-lestat-psicopatologic-en-pacients-que-pateixen-dolor-cronic\/\">La import\u00e0ncia d&#8217;una adequada avaluaci\u00f3 de l&#8217;estat psicopatol\u00f2gic en pacients que pateixen dolor cr\u00f2nic<\/a><\/h2><div class=\"raven-post-excerpt\">L&#8217;augment de la longevitat s&#8217;ha aconseguit sobretot a l&#8217;convertir en malalties cr\u00f2niques les causes de mort, amb les conseg\u00fcents repercussions en la pr\u00e0ctica m\u00e8dica. Cada vegada s\u00f3n m\u00e9s les persones<\/div>\t\t<div class=\"raven-post-read-more\">\n\t\t\t<a class=\"raven-post-button\" href=\"https:\/\/psiquiatriapsicologiabarcelona.com\/ca\/la-importancia-duna-adequada-avaluacio-de-lestat-psicopatologic-en-pacients-que-pateixen-dolor-cronic\/\"><span class=\"raven-post-button-text\">Saber m\u00e1s<\/span><\/a>\n\t\t<\/div>\n\t\t\t\t\t\t<\/div>\n\t\t\t<\/div>\n\t\t<\/div>\n\t\t\t\t<div class=\"raven-grid-item raven-post-item post-519 post type-post status-publish format-standard has-post-thumbnail hentry category-uncategorized tag-depresion\">\n\t\t\t<div class=\"raven-post raven-post-inline raven-post-inline-left\">\n\t\t\t\t\t\t<div class=\"raven-post-image-wrap\">\n\t\t\t<a class=\"raven-post-image raven-image-fit\" href=\"https:\/\/psiquiatriapsicologiabarcelona.com\/ca\/what-you-should-know-about-loneliness\/\"><img decoding=\"async\" width=\"1909\" height=\"2085\" src=\"https:\/\/psiquiatriapsicologiabarcelona.com\/ca\/wp-content\/uploads\/2019\/08\/Depresion.png\" class=\"attachment-full size-full wp-image-775\" alt=\"\" srcset=\"https:\/\/psiquiatriapsicologiabarcelona.com\/ca\/wp-content\/uploads\/2019\/08\/Depresion.png 1909w, https:\/\/psiquiatriapsicologiabarcelona.com\/ca\/wp-content\/uploads\/2019\/08\/Depresion-275x300.png 275w, https:\/\/psiquiatriapsicologiabarcelona.com\/ca\/wp-content\/uploads\/2019\/08\/Depresion-938x1024.png 938w, https:\/\/psiquiatriapsicologiabarcelona.com\/ca\/wp-content\/uploads\/2019\/08\/Depresion-768x839.png 768w, https:\/\/psiquiatriapsicologiabarcelona.com\/ca\/wp-content\/uploads\/2019\/08\/Depresion-1406x1536.png 1406w, https:\/\/psiquiatriapsicologiabarcelona.com\/ca\/wp-content\/uploads\/2019\/08\/Depresion-1875x2048.png 1875w\" sizes=\"(max-width: 1909px) 100vw, 1909px\" \/> <span class=\"raven-post-image-overlay\"><\/span><\/a>\t\t<\/div>\n\t\t\t\t\t\t<div class=\"raven-post-content\">\n\t\t\t\t\t<h2 class=\"raven-post-title\"><a class=\"raven-post-title-link\" href=\"https:\/\/psiquiatriapsicologiabarcelona.com\/ca\/what-you-should-know-about-loneliness\/\">All\u00f2 que hauries de saber sobre la depressi\u00f3<\/a><\/h2><div class=\"raven-post-excerpt\">Qualsevol persona pot passar per un estat depressiu, quan pateix una p\u00e8rdua o viu una situaci\u00f3 de tensi\u00f3 que supera les seves possibilitats d\u2019adaptar-se a les circumst\u00e0ncies.<\/div>\t\t<div class=\"raven-post-read-more\">\n\t\t\t<a class=\"raven-post-button\" href=\"https:\/\/psiquiatriapsicologiabarcelona.com\/ca\/what-you-should-know-about-loneliness\/\"><span class=\"raven-post-button-text\">Saber m\u00e1s<\/span><\/a>\n\t\t<\/div>\n\t\t\t\t\t\t<\/div>\n\t\t\t<\/div>\n\t\t<\/div>\n\t\t\t\t<div class=\"raven-grid-item raven-post-item post-355 post type-post status-publish format-standard has-post-thumbnail hentry category-uncategorized tag-trastorno-de-la-personalidad\">\n\t\t\t<div class=\"raven-post raven-post-inline raven-post-inline-left\">\n\t\t\t\t\t\t<div class=\"raven-post-image-wrap\">\n\t\t\t<a class=\"raven-post-image raven-image-fit\" href=\"https:\/\/psiquiatriapsicologiabarcelona.com\/ca\/trastorns-personalitat-patrons-disfuncionals\/\"><img decoding=\"async\" width=\"1910\" height=\"2085\" src=\"https:\/\/psiquiatriapsicologiabarcelona.com\/ca\/wp-content\/uploads\/2019\/08\/Trastorno-personalidad_1.png\" class=\"attachment-full size-full wp-image-777\" alt=\"\" srcset=\"https:\/\/psiquiatriapsicologiabarcelona.com\/ca\/wp-content\/uploads\/2019\/08\/Trastorno-personalidad_1.png 1910w, https:\/\/psiquiatriapsicologiabarcelona.com\/ca\/wp-content\/uploads\/2019\/08\/Trastorno-personalidad_1-275x300.png 275w, https:\/\/psiquiatriapsicologiabarcelona.com\/ca\/wp-content\/uploads\/2019\/08\/Trastorno-personalidad_1-938x1024.png 938w, https:\/\/psiquiatriapsicologiabarcelona.com\/ca\/wp-content\/uploads\/2019\/08\/Trastorno-personalidad_1-768x838.png 768w, https:\/\/psiquiatriapsicologiabarcelona.com\/ca\/wp-content\/uploads\/2019\/08\/Trastorno-personalidad_1-1407x1536.png 1407w, https:\/\/psiquiatriapsicologiabarcelona.com\/ca\/wp-content\/uploads\/2019\/08\/Trastorno-personalidad_1-1876x2048.png 1876w\" sizes=\"(max-width: 1910px) 100vw, 1910px\" \/> <span class=\"raven-post-image-overlay\"><\/span><\/a>\t\t<\/div>\n\t\t\t\t\t\t<div class=\"raven-post-content\">\n\t\t\t\t\t<h2 class=\"raven-post-title\"><a class=\"raven-post-title-link\" href=\"https:\/\/psiquiatriapsicologiabarcelona.com\/ca\/trastorns-personalitat-patrons-disfuncionals\/\">Trastorns de la personalitat i patrons disfuncionals<\/a><\/h2><div class=\"raven-post-excerpt\">La diversitat de maneres de ser de cada persona fa que tots i cada un de nosaltres esdevinguem individus \u00fanics. Tanmateix, encara que plegats compartim caracter\u00edstiques i trets que es barregen en diferents proporcions, \u00e9s factible identificar patrons de percepci\u00f3 i comportament que presenten una certa unitat funcional.\r\n\r\n<\/div>\t\t<div class=\"raven-post-read-more\">\n\t\t\t<a class=\"raven-post-button\" href=\"https:\/\/psiquiatriapsicologiabarcelona.com\/ca\/trastorns-personalitat-patrons-disfuncionals\/\"><span class=\"raven-post-button-text\">Saber m\u00e1s<\/span><\/a>\n\t\t<\/div>\n\t\t\t\t\t\t<\/div>\n\t\t\t<\/div>\n\t\t<\/div>\n\t\t\t\t<\/div>\n\t\t\t\t<div class=\"raven-pagination\" data-settings=\"{&quot;posts_per_page&quot;:3,&quot;total_pages&quot;:3,&quot;pages_visible&quot;:7}\">\n\t\t\t<div class=\"raven-pagination-items\">\n\t\t\t\t<a class=\"raven-pagination-prev raven-pagination-item raven-pagination-disabled\" href=\"#\">Prev.<\/a><a class=\"raven-pagination-num raven-pagination-item raven-pagination-active\" href=\"#\" data-page-num=\"1\">1<\/a><a class=\"raven-pagination-num raven-pagination-item\" href=\"#\" data-page-num=\"2\">2<\/a><a class=\"raven-pagination-num raven-pagination-item\" href=\"#\" data-page-num=\"3\">3<\/a><a class=\"raven-pagination-next raven-pagination-item\" href=\"#\">Next<\/a>\t\t\t<\/div>\n\t\t<\/div>\n\t\t\t\t\t\t<\/div>\n\t\t\t\t<\/div>\n\t\t\t\t\t<\/div>\n\t\t<\/div>\n\t\t\t\t<div class=\"elementor-column elementor-col-50 elementor-top-column elementor-element elementor-element-062f91b\" data-id=\"062f91b\" data-element_type=\"column\" data-e-type=\"column\">\n\t\t\t<div class=\"elementor-widget-wrap elementor-element-populated\">\n\t\t\t\t\t\t<section class=\"elementor-section elementor-inner-section elementor-element elementor-element-a13234a elementor-section-boxed elementor-section-height-default elementor-section-height-default\" data-id=\"a13234a\" data-element_type=\"section\" data-e-type=\"section\">\n\t\t\t\t\t\t<div class=\"elementor-container elementor-column-gap-no\">\n\t\t\t\t\t<div class=\"elementor-column elementor-col-100 elementor-inner-column elementor-element elementor-element-4481257\" data-id=\"4481257\" data-element_type=\"column\" data-e-type=\"column\" data-settings=\"{&quot;background_background&quot;:&quot;classic&quot;}\">\n\t\t\t<div class=\"elementor-widget-wrap elementor-element-populated\">\n\t\t\t\t\t\t<div class=\"elementor-element elementor-element-93b7004 elementor-mobile-align-center elementor-align-left elementor-widget elementor-widget-raven-heading\" data-id=\"93b7004\" data-element_type=\"widget\" data-e-type=\"widget\" data-widget_type=\"raven-heading.default\">\n\t\t\t\t<div class=\"elementor-widget-container\">\n\t\t\t\t\t\t\t<div class=\"raven-widget-wrapper\"><h2 class=\"raven-heading raven-heading-h2\"><span class=\"raven-heading-title \">Fes la teva primera consulta<\/span><\/h2><\/div>\n\t\t\t\t\t\t<\/div>\n\t\t\t\t<\/div>\n\t\t\t\t<div class=\"elementor-element elementor-element-f2586c6 elementor-widget elementor-widget-text-editor\" data-id=\"f2586c6\" data-element_type=\"widget\" data-e-type=\"widget\" data-widget_type=\"text-editor.default\">\n\t\t\t\t<div class=\"elementor-widget-container\">\n\t\t\t\t\t\t\t\t\t<div class=\"elementor-element elementor-element-8676798 elementor-widget elementor-widget-text-editor\" data-id=\"8676798\" data-element_type=\"widget\" data-widget_type=\"text-editor.default\"><div class=\"elementor-widget-container\"><div class=\"elementor-text-editor elementor-clearfix\"><div id=\"comp-j6m9wgbn\" class=\"txtNew\" data-packed=\"false\" data-vertical-text=\"false\" data-min-height=\"33\"><p class=\"font_7\">Som aqu\u00ed per ajudar-te a resoldre els teus problemes.<\/p><\/div><\/div><\/div><\/div>\t\t\t\t\t\t\t\t<\/div>\n\t\t\t\t<\/div>\n\t\t\t\t<div class=\"elementor-element elementor-element-a3db43a elementor-widget elementor-widget-html\" data-id=\"a3db43a\" data-element_type=\"widget\" data-e-type=\"widget\" data-widget_type=\"html.default\">\n\t\t\t\t<div class=\"elementor-widget-container\">\n\t\t\t\t\t<script src=\"https:\/\/js-eu1.hsforms.net\/forms\/embed\/146249203.js\" defer><\/script>\r\n<div class=\"hs-form-frame\" data-region=\"eu1\" data-form-id=\"cb219f64-3345-4378-baf6-e358d2adc23b\" data-portal-id=\"146249203\"><\/div>\t\t\t\t<\/div>\n\t\t\t\t<\/div>\n\t\t\t\t\t<\/div>\n\t\t<\/div>\n\t\t\t\t\t<\/div>\n\t\t<\/section>\n\t\t\t\t<section class=\"elementor-section elementor-inner-section elementor-element elementor-element-bdfece5 elementor-hidden-phone elementor-section-boxed elementor-section-height-default elementor-section-height-default\" data-id=\"bdfece5\" data-element_type=\"section\" data-e-type=\"section\" data-settings=\"{&quot;background_background&quot;:&quot;classic&quot;}\">\n\t\t\t\t\t\t\t<div class=\"elementor-background-overlay\"><\/div>\n\t\t\t\t\t\t\t<div class=\"elementor-container elementor-column-gap-no\">\n\t\t\t\t\t<div class=\"elementor-column elementor-col-100 elementor-inner-column elementor-element elementor-element-8090d5d\" data-id=\"8090d5d\" data-element_type=\"column\" data-e-type=\"column\" data-settings=\"{&quot;background_background&quot;:&quot;classic&quot;}\">\n\t\t\t<div class=\"elementor-widget-wrap elementor-element-populated\">\n\t\t\t\t\t\t<div class=\"elementor-element elementor-element-6cfc20a elementor-mobile-align-center elementor-align-left elementor-widget elementor-widget-raven-heading\" data-id=\"6cfc20a\" data-element_type=\"widget\" data-e-type=\"widget\" data-widget_type=\"raven-heading.default\">\n\t\t\t\t<div class=\"elementor-widget-container\">\n\t\t\t\t\t\t\t<div class=\"raven-widget-wrapper\"><h2 class=\"raven-heading raven-heading-h2\"><span class=\"raven-heading-title \">Subscriu-te<\/span><\/h2><\/div>\n\t\t\t\t\t\t<\/div>\n\t\t\t\t<\/div>\n\t\t\t\t<div class=\"elementor-element elementor-element-6914d10 elementor-widget elementor-widget-text-editor\" data-id=\"6914d10\" data-element_type=\"widget\" data-e-type=\"widget\" data-widget_type=\"text-editor.default\">\n\t\t\t\t<div class=\"elementor-widget-container\">\n\t\t\t\t\t\t\t\t\t<div data-id=\"8e40e4e\" data-element_type=\"widget\" data-widget_type=\"text-editor.default\"><p>Subscriu-te al butllet\u00ed per rebre not\u00edcies i noves publicacions<\/p><\/div>\t\t\t\t\t\t\t\t<\/div>\n\t\t\t\t<\/div>\n\t\t\t\t<div class=\"elementor-element elementor-element-0097ce4 elementor-widget elementor-widget-html\" data-id=\"0097ce4\" data-element_type=\"widget\" data-e-type=\"widget\" data-widget_type=\"html.default\">\n\t\t\t\t<div class=\"elementor-widget-container\">\n\t\t\t\t\t<script src=\"https:\/\/js-eu1.hsforms.net\/forms\/embed\/146249203.js\" defer><\/script>\r\n<div class=\"hs-form-frame\" data-region=\"eu1\" data-form-id=\"0b8ef952-63eb-46ac-8c23-9e4cbe5dd348\" data-portal-id=\"146249203\"><\/div>\t\t\t\t<\/div>\n\t\t\t\t<\/div>\n\t\t\t\t\t<\/div>\n\t\t<\/div>\n\t\t\t\t\t<\/div>\n\t\t<\/section>\n\t\t\t\t\t<\/div>\n\t\t<\/div>\n\t\t\t\t\t<\/div>\n\t\t<\/section>\n\t\t\t\t<\/div>\n\t\t","protected":false},"excerpt":{"rendered":"<p>La import\u00e0ncia d&#8217;una adequada avaluaci\u00f3 de l&#8217;estat psicopatol\u00f2gic en pacients que pateixen dolor cr\u00f2nic L&#8217;augment de la longevitat s&#8217;ha aconseguit sobretot a l&#8217;convertir en malalties cr\u00f2niques les causes de mort, amb les conseg\u00fcents repercussions en la pr\u00e0ctica m\u00e8dica. Cada vegada s\u00f3n m\u00e9s les persones Saber m\u00e1s All\u00f2 que hauries de saber sobre la depressi\u00f3 Qualsevol [&hellip;]<\/p>\n","protected":false},"author":1,"featured_media":0,"parent":0,"menu_order":0,"comment_status":"closed","ping_status":"closed","template":"","meta":{"_acf_changed":false,"footnotes":""},"class_list":["post-24","page","type-page","status-publish","hentry"],"acf":[],"_links":{"self":[{"href":"https:\/\/psiquiatriapsicologiabarcelona.com\/ca\/wp-json\/wp\/v2\/pages\/24","targetHints":{"allow":["GET"]}}],"collection":[{"href":"https:\/\/psiquiatriapsicologiabarcelona.com\/ca\/wp-json\/wp\/v2\/pages"}],"about":[{"href":"https:\/\/psiquiatriapsicologiabarcelona.com\/ca\/wp-json\/wp\/v2\/types\/page"}],"author":[{"embeddable":true,"href":"https:\/\/psiquiatriapsicologiabarcelona.com\/ca\/wp-json\/wp\/v2\/users\/1"}],"replies":[{"embeddable":true,"href":"https:\/\/psiquiatriapsicologiabarcelona.com\/ca\/wp-json\/wp\/v2\/comments?post=24"}],"version-history":[{"count":50,"href":"https:\/\/psiquiatriapsicologiabarcelona.com\/ca\/wp-json\/wp\/v2\/pages\/24\/revisions"}],"predecessor-version":[{"id":1317,"href":"https:\/\/psiquiatriapsicologiabarcelona.com\/ca\/wp-json\/wp\/v2\/pages\/24\/revisions\/1317"}],"wp:attachment":[{"href":"https:\/\/psiquiatriapsicologiabarcelona.com\/ca\/wp-json\/wp\/v2\/media?parent=24"}],"curies":[{"name":"wp","href":"https:\/\/api.w.org\/{rel}","templated":true}]}}